{"id":607,"date":"2015-05-04T14:18:34","date_gmt":"2015-05-04T13:18:34","guid":{"rendered":"http:\/\/www.fehernet.hu\/?page_id=607"},"modified":"2015-05-04T14:18:34","modified_gmt":"2015-05-04T13:18:34","slug":"a-lelek-meg-a-test","status":"publish","type":"page","link":"https:\/\/www.fehernet.hu\/?page_id=607","title":{"rendered":"A l\u00e9lek, meg a test"},"content":{"rendered":"<p>A v\u00e1ros perem\u00e9n<br \/>\na hajnalt lesem \u00e9n,<br \/>\n\u00e9s d\u00fadolgatom most<br \/>\naz\u00a0<i>Els\u0151 villamost<\/i>.<br \/>\nK\u00f6zben a v\u00e9n Dun\u00e1n<br \/>\n&#8211; vagy k\u00f6zhelyes dum\u00e1m? &#8211;<br \/>\na nyolc h\u00edd szendereg,<br \/>\nmint k\u00e9k ver\u0151erek.<br \/>\nEny\u00e9m a Moszkva t\u00e9r,<br \/>\nsok eml\u00e9k visszat\u00e9r,<br \/>\n\u00e9s ott a V\u00e1rnegyed,<br \/>\nazt meghagyom neked,<br \/>\nmi\u00e9nk a N\u00e9pliget,<br \/>\ns a rejtelmes Sziget,<br \/>\naz Orsz\u00e1gh\u00e1z, Tab\u00e1n,<br \/>\ns a R\u00f3zsadomb, az \u00e1m!,<br \/>\na Feneketlen-t\u00f3,<br \/>\n\u00e9s T\u00f6r\u00f6kugrat\u00f3,<br \/>\nmeg \u00dajpest, Wekerle,<br \/>\na Gell\u00e9rt-hegy kell-e?<br \/>\nHi\u00e1nyozn\u00e1nak mind,<br \/>\nha nem l\u00e1tn\u00e1d nap mint<br \/>\nnap a v\u00e1rost kelni,<br \/>\nmost kezd \u00e9rdekelni?<br \/>\nSz\u00e1z sz\u00f3nak is v\u00e9ge,<br \/>\ns a tanuls\u00e1g v\u00e9gre:<br \/>\nMint Buda n\u00e9lk\u00fcl Pest,<br \/>\na l\u00e9lek, meg a test.<\/p>\n","protected":false},"excerpt":{"rendered":"<p>A v\u00e1ros perem\u00e9n a hajnalt lesem \u00e9n, \u00e9s d\u00fadolgatom most az\u00a0Els\u0151 villamost. K\u00f6zben a v\u00e9n Dun\u00e1n &#8211; vagy k\u00f6zhelyes dum\u00e1m? &#8211; a nyolc h\u00edd szendereg, mint k\u00e9k ver\u0151erek. Eny\u00e9m a Moszkva t\u00e9r, sok eml\u00e9k visszat\u00e9r, \u00e9s ott a V\u00e1rnegyed, azt &hellip; <a href=\"https:\/\/www.fehernet.hu\/?page_id=607\">Continue reading <span class=\"meta-nav\">&rarr;<\/span><\/a><\/p>\n","protected":false},"author":1,"featured_media":0,"parent":0,"menu_order":0,"comment_status":"open","ping_status":"open","template":"","meta":{"footnotes":""},"class_list":["post-607","page","type-page","status-publish","hentry"],"_links":{"self":[{"href":"https:\/\/www.fehernet.hu\/index.php?rest_route=\/wp\/v2\/pages\/607","targetHints":{"allow":["GET"]}}],"collection":[{"href":"https:\/\/www.fehernet.hu\/index.php?rest_route=\/wp\/v2\/pages"}],"about":[{"href":"https:\/\/www.fehernet.hu\/index.php?rest_route=\/wp\/v2\/types\/page"}],"author":[{"embeddable":true,"href":"https:\/\/www.fehernet.hu\/index.php?rest_route=\/wp\/v2\/users\/1"}],"replies":[{"embeddable":true,"href":"https:\/\/www.fehernet.hu\/index.php?rest_route=%2Fwp%2Fv2%2Fcomments&post=607"}],"version-history":[{"count":1,"href":"https:\/\/www.fehernet.hu\/index.php?rest_route=\/wp\/v2\/pages\/607\/revisions"}],"predecessor-version":[{"id":608,"href":"https:\/\/www.fehernet.hu\/index.php?rest_route=\/wp\/v2\/pages\/607\/revisions\/608"}],"wp:attachment":[{"href":"https:\/\/www.fehernet.hu\/index.php?rest_route=%2Fwp%2Fv2%2Fmedia&parent=607"}],"curies":[{"name":"wp","href":"https:\/\/api.w.org\/{rel}","templated":true}]}}