{"id":595,"date":"2015-05-02T10:47:07","date_gmt":"2015-05-02T09:47:07","guid":{"rendered":"http:\/\/www.fehernet.hu\/?page_id=595"},"modified":"2015-05-02T10:47:07","modified_gmt":"2015-05-02T09:47:07","slug":"tavaszi-dal","status":"publish","type":"page","link":"https:\/\/www.fehernet.hu\/?page_id=595","title":{"rendered":"Tavaszi dal"},"content":{"rendered":"<p>Mint selyemherny\u00f3 a lev\u00e9l fon\u00e1kj\u00e1n,<br \/>\nbegub\u00f3zva v\u00e1rjuk az \u00e9ltet\u0151 napot,<br \/>\ner\u0151t gy\u0171jtve a tavaszra, ny\u00e1rra,<br \/>\nfeledve m\u00falt id\u0151t, hisz v\u00e9ge, l\u00e1thatod. <\/p>\n<p>R\u00e1nk pillant a hajnal diderg\u0151sen,<br \/>\nde m\u00e1r mosolyognak a duzzad\u00f3 r\u00fcgyek ,<br \/>\n\u00e1rny\u00e9ka lesz \u00fajra a vil\u00e1gnak,<br \/>\nahogy az \u00e1prilis j\u0151, s fel\u00e9nk \u00fcget.<\/p>\n<p>Bolond id\u0151, bolond sz\u00e9l, bolond tavasz!<br \/>\nCsod\u00e1ra v\u00e1r a f\u0171 meg a barka,<br \/>\nzsend\u00fcl a leveles \u00e1g, bog\u00e1r \u00e9led,<br \/>\nz\u00f6ld a r\u00e9t, k\u00e9k a sz\u00e1zszorsz\u00e9p rajta.<\/p>\n<p>N\u00e9zd, visszaj\u00f6tt a rozsdafark\u00fa is,<br \/>\na lugas v\u00e9g\u00e9n&nbsp; riadva rebben,<br \/>\negy harmatcseppben f\u00fcrdik a reggel,<br \/>\naz Univerzum elf\u00e9r a tenyeredben.<\/p>\n<p>\u00c9bred az \u00e9let. Sz\u00ednes, gy\u00f6ny\u00f6r\u0171.<br \/>\nCikorny\u00e1s felh\u0151k futnak a h\u00e1ztet\u0151k f\u00f6l\u00f6tt.<br \/>\nCsak a selyemherny\u00f3k alszanak m\u00e9g,<br \/>\n\u00e1lmukat sz\u00f6vik a kert eperf\u00e1i k\u00f6z\u00f6tt.<\/p>\n","protected":false},"excerpt":{"rendered":"<p>Mint selyemherny\u00f3 a lev\u00e9l fon\u00e1kj\u00e1n, begub\u00f3zva v\u00e1rjuk az \u00e9ltet\u0151 napot, er\u0151t gy\u0171jtve a tavaszra, ny\u00e1rra, feledve m\u00falt id\u0151t, hisz v\u00e9ge, l\u00e1thatod. R\u00e1nk pillant a hajnal diderg\u0151sen, de m\u00e1r mosolyognak a duzzad\u00f3 r\u00fcgyek , \u00e1rny\u00e9ka lesz \u00fajra a vil\u00e1gnak, ahogy az &hellip; <a href=\"https:\/\/www.fehernet.hu\/?page_id=595\">Continue reading <span class=\"meta-nav\">&rarr;<\/span><\/a><\/p>\n","protected":false},"author":1,"featured_media":0,"parent":0,"menu_order":0,"comment_status":"open","ping_status":"open","template":"","meta":{"footnotes":""},"class_list":["post-595","page","type-page","status-publish","hentry"],"_links":{"self":[{"href":"https:\/\/www.fehernet.hu\/index.php?rest_route=\/wp\/v2\/pages\/595","targetHints":{"allow":["GET"]}}],"collection":[{"href":"https:\/\/www.fehernet.hu\/index.php?rest_route=\/wp\/v2\/pages"}],"about":[{"href":"https:\/\/www.fehernet.hu\/index.php?rest_route=\/wp\/v2\/types\/page"}],"author":[{"embeddable":true,"href":"https:\/\/www.fehernet.hu\/index.php?rest_route=\/wp\/v2\/users\/1"}],"replies":[{"embeddable":true,"href":"https:\/\/www.fehernet.hu\/index.php?rest_route=%2Fwp%2Fv2%2Fcomments&post=595"}],"version-history":[{"count":1,"href":"https:\/\/www.fehernet.hu\/index.php?rest_route=\/wp\/v2\/pages\/595\/revisions"}],"predecessor-version":[{"id":596,"href":"https:\/\/www.fehernet.hu\/index.php?rest_route=\/wp\/v2\/pages\/595\/revisions\/596"}],"wp:attachment":[{"href":"https:\/\/www.fehernet.hu\/index.php?rest_route=%2Fwp%2Fv2%2Fmedia&parent=595"}],"curies":[{"name":"wp","href":"https:\/\/api.w.org\/{rel}","templated":true}]}}