{"id":562,"date":"2014-11-25T22:52:22","date_gmt":"2014-11-25T21:52:22","guid":{"rendered":"http:\/\/www.fehernet.hu\/?page_id=562"},"modified":"2015-01-14T10:17:43","modified_gmt":"2015-01-14T09:17:43","slug":"verseskotetlen","status":"publish","type":"page","link":"https:\/\/www.fehernet.hu\/","title":{"rendered":"Versesk\u00f6tetlen"},"content":{"rendered":"<p>2014 november\u00e9ben megjelent az els\u0151 \u00f6n\u00e1ll\u00f3 versesk\u00f6tetem. \u00c9rdekl\u0151dni, beleolvasni, megv\u00e1s\u00e1rolni n\u00e1lam lehet k\u00f6zvetlen\u00fcl, k\u00f6nyvesbolti terjeszt\u00e9sbe nem ker\u00fcl.<\/p>\n<p><img loading=\"lazy\" decoding=\"async\" class=\" size-medium wp-image-566 aligncenter\" src=\"http:\/\/www.fehernet.hu\/wp-content\/uploads\/2014\/11\/wpid-CAM00708-222x300.jpg\" alt=\"wpid-CAM00708.jpg\" width=\"222\" height=\"300\" srcset=\"https:\/\/www.fehernet.hu\/wp-content\/uploads\/2014\/11\/wpid-CAM00708-222x300.jpg 222w, https:\/\/www.fehernet.hu\/wp-content\/uploads\/2014\/11\/wpid-CAM00708-759x1024.jpg 759w\" sizes=\"auto, (max-width: 222px) 100vw, 222px\" \/><\/p>\n<p>\u201eK\u00e9tszer h\u00fasz az \u00e9ppen negyven, szeletben vagy egy az egyben\u2026\u201d \u2013 \u00e9s val\u00f3ban, ez a v\u00e1logat\u00e1s \u2013 ami egyben az els\u0151 \u00f6n\u00e1ll\u00f3 k\u00f6tetem is \u2013 az elm\u00falt h\u00fasz \u00e9v term\u00e9se. Az els\u0151 h\u00fasz \u00e9vem jobb\u00e1ra \u201everstelen\u00fcl\u201d telt, \u00e9s igaz\u00e1n csak az ut\u00f3bbi \u00e9vekben kezdtem c\u00e9lzottan a versekkel foglalkozni. Tov\u00e1bbra is m\u0171kedvel\u0151k\u00e9nt \u00edrok, a magam \u00f6r\u00f6m\u00e9re.<\/p>\n<p>Van ebben a k\u00f6nyvben sokf\u00e9le vers, tess\u00e9k \u201ek\u00f6tetlen\u00fcl\u201d olvasni, ahogy a c\u00edme<br \/>\nis mondja. S ha b\u00e1rmelyik is tetszett, akkor mindenk\u00e9pp meg\u00e9rte k\u00f6tetbe \u00f6nteni a k\u00e9znyomaimat\u2026<\/p>\n<p>M\u00e9sz\u00e1ros L\u00e1szl\u00f3 k\u00f6lt\u0151 aj\u00e1nl\u00e1sa:<\/p>\n<p>Gabriel Garc\u00eda M\u00e1rquez szerint: \u201eA k\u00f6lt\u00e9szet az ember l\u00e9tez\u00e9s\u00e9nek egyetlen konkr\u00e9t bizony\u00edt\u00e9ka.\u201d Feh\u00e9r Csaba versei nem csup\u00e1n a t\u0171n\u0151 k\u00e9pzelet gyermekei, melyek zaklatottan k\u00e9rik sz\u00e1mon a lehetetlent: a l\u00e9tez\u00e9s \u00e9s az azt k\u00eds\u00e9r\u0151 v\u00e1ltoz\u00e1s bizonyoss\u00e1g\u00e1t, hanem az \u00e9vtizedek v\u00edv\u00f3d\u00e1sainak \u0151szinte vallom\u00e1sai is. Valljuk be, aki ezt hajland\u00f3 ny\u00edltan bev\u00e1llalni, az a tehets\u00e9g mellett egy n\u00e9lk\u00fcl\u00f6zhetetlen tulajdons\u00e1ggal is rendelkezik: az al\u00e1zattal, mely n\u00e9lk\u00fcl alkotni, l\u00e9tezni \u00e9rtelmetlen csapong\u00e1s a semmiben. Nem egy\u00e9b ez a k\u00f6tet, mint egy korszak \u00f6sszefoglal\u00e1sa a k\u00f6lt\u0151 r\u00e9sz\u00e9r\u0151l, nek\u00fcnk, olvas\u00f3knak, s val\u00f3ban: l\u00e9tez\u00e9s\u00e9nek konkr\u00e9t bizony\u00edt\u00e9ka. Sz\u00edvb\u0151l aj\u00e1nlom figyelm\u00fckbe!<\/p>\n<p>Az illusztr\u00e1ci\u00f3kat S\u00fcveg G\u00e1bor k\u00e9sz\u00edtette.<\/p>\n<p>96 oldal<br \/>\nISBN 9789631200706<br \/>\nSzerz\u0151i kiad\u00e1s<\/p>\n","protected":false},"excerpt":{"rendered":"<p>2014 november\u00e9ben megjelent az els\u0151 \u00f6n\u00e1ll\u00f3 versesk\u00f6tetem. \u00c9rdekl\u0151dni, beleolvasni, megv\u00e1s\u00e1rolni n\u00e1lam lehet k\u00f6zvetlen\u00fcl, k\u00f6nyvesbolti terjeszt\u00e9sbe nem ker\u00fcl. \u201eK\u00e9tszer h\u00fasz az \u00e9ppen negyven, szeletben vagy egy az egyben\u2026\u201d \u2013 \u00e9s val\u00f3ban, ez a v\u00e1logat\u00e1s \u2013 ami egyben az els\u0151 \u00f6n\u00e1ll\u00f3 k\u00f6tetem &hellip; <a href=\"https:\/\/www.fehernet.hu\/\">Continue reading <span class=\"meta-nav\">&rarr;<\/span><\/a><\/p>\n","protected":false},"author":1,"featured_media":0,"parent":0,"menu_order":0,"comment_status":"open","ping_status":"closed","template":"","meta":{"footnotes":""},"class_list":["post-562","page","type-page","status-publish","hentry"],"_links":{"self":[{"href":"https:\/\/www.fehernet.hu\/index.php?rest_route=\/wp\/v2\/pages\/562","targetHints":{"allow":["GET"]}}],"collection":[{"href":"https:\/\/www.fehernet.hu\/index.php?rest_route=\/wp\/v2\/pages"}],"about":[{"href":"https:\/\/www.fehernet.hu\/index.php?rest_route=\/wp\/v2\/types\/page"}],"author":[{"embeddable":true,"href":"https:\/\/www.fehernet.hu\/index.php?rest_route=\/wp\/v2\/users\/1"}],"replies":[{"embeddable":true,"href":"https:\/\/www.fehernet.hu\/index.php?rest_route=%2Fwp%2Fv2%2Fcomments&post=562"}],"version-history":[{"count":6,"href":"https:\/\/www.fehernet.hu\/index.php?rest_route=\/wp\/v2\/pages\/562\/revisions"}],"predecessor-version":[{"id":592,"href":"https:\/\/www.fehernet.hu\/index.php?rest_route=\/wp\/v2\/pages\/562\/revisions\/592"}],"wp:attachment":[{"href":"https:\/\/www.fehernet.hu\/index.php?rest_route=%2Fwp%2Fv2%2Fmedia&parent=562"}],"curies":[{"name":"wp","href":"https:\/\/api.w.org\/{rel}","templated":true}]}}