{"id":541,"date":"2014-03-26T00:52:13","date_gmt":"2014-03-25T23:52:13","guid":{"rendered":"http:\/\/www.fehernet.hu\/?page_id=541"},"modified":"2014-03-26T00:52:13","modified_gmt":"2014-03-25T23:52:13","slug":"csoda","status":"publish","type":"page","link":"https:\/\/www.fehernet.hu\/?page_id=541","title":{"rendered":"Csoda"},"content":{"rendered":"<p>L\u00e1ttam m\u00e1r mindent, mit ember l\u00e1thatott:<br \/>\nS\u00e1ros F\u00f6ldgoly\u00f3nak sok-sok hajnal\u00e1t,<br \/>\n\u00c9ljenz\u0151 ar\u00e9n\u00e1t, s gladi\u00e1tort halni,<br \/>\nH\u00e1rom r\u00e9zgaras\u00e9rt koldul\u00f3 any\u00e1t,<br \/>\nCsillag\u00e1szt az \u00e9gen \u00fcst\u00f6k\u00f6st kutatni,<br \/>\nT\u00e9pett, \u00f3cska tollal verset \u00edr\u00f3 k\u00f6lt\u0151t,<br \/>\nL\u00e1ttam a sziv\u00e1rv\u00e1ny tetej\u00e9n a l\u00e9tr\u00e1t,<br \/>\n\u00c9s meg\u00e9ltem k\u00f6zben sz\u00e1mos ember\u00f6lt\u0151t.<\/p>\n<p>Hallottam a reggel lusta \u00e1s\u00edt\u00e1s\u00e1t,<br \/>\nSzemlehunyva v\u00e1rtam pattan\u00f3 r\u00fcgyekre,<br \/>\nKagyl\u00f3h\u00e9jban d\u00falt a messze ring\u00f3 tenger,<br \/>\nMez\u00edtl\u00e1bas nyarat z\u00e1rtam sz\u00e1z \u00fcvegbe,<br \/>\nMorajlott az \u00e9g, szikr\u00e1t sziszegett a felh\u0151,<br \/>\nGondokkal rakottan csikordult a s\u00edn,<br \/>\nHallottam egy \u00e1lmot v\u00e9gtelenbe sz\u00e1llni,<br \/>\nF\u00e1jdalommal arc\u00e1n kacagott a k\u00edn.<\/p>\n<p>\u00c9rzem most a tavaszt: gesztenyef\u00e1k ny\u00edlnak,<br \/>\n\u00c9s nem engedett el a gravit\u00e1ci\u00f3,<br \/>\nFel, a hegytet\u0151ig sz\u00e1zhuszon\u00f6t l\u00e9p\u00e9s,<br \/>\nGalagonya, som \u00e9s tizenh\u00e1rom st\u00e1ci\u00f3.<br \/>\nL\u00e1sd, egy \u00faj nap kelt. Mint a p\u00e1rhuzamosok,<br \/>\nV\u00e9gtelenbe tart, ilyen nem volt m\u00e9g soha.<br \/>\nKeresd, mert ott rejlik. Nem leled? Kutasd csak!<br \/>\nNem m\u00e1shol, benned van, n\u00e9zd, a Csoda.<\/p>\n","protected":false},"excerpt":{"rendered":"<p>L\u00e1ttam m\u00e1r mindent, mit ember l\u00e1thatott: S\u00e1ros F\u00f6ldgoly\u00f3nak sok-sok hajnal\u00e1t, \u00c9ljenz\u0151 ar\u00e9n\u00e1t, s gladi\u00e1tort halni, H\u00e1rom r\u00e9zgaras\u00e9rt koldul\u00f3 any\u00e1t, Csillag\u00e1szt az \u00e9gen \u00fcst\u00f6k\u00f6st kutatni, T\u00e9pett, \u00f3cska tollal verset \u00edr\u00f3 k\u00f6lt\u0151t, L\u00e1ttam a sziv\u00e1rv\u00e1ny tetej\u00e9n a l\u00e9tr\u00e1t, \u00c9s meg\u00e9ltem k\u00f6zben sz\u00e1mos &hellip; <a href=\"https:\/\/www.fehernet.hu\/?page_id=541\">Continue reading <span class=\"meta-nav\">&rarr;<\/span><\/a><\/p>\n","protected":false},"author":1,"featured_media":0,"parent":0,"menu_order":0,"comment_status":"open","ping_status":"open","template":"","meta":{"footnotes":""},"class_list":["post-541","page","type-page","status-publish","hentry"],"_links":{"self":[{"href":"https:\/\/www.fehernet.hu\/index.php?rest_route=\/wp\/v2\/pages\/541","targetHints":{"allow":["GET"]}}],"collection":[{"href":"https:\/\/www.fehernet.hu\/index.php?rest_route=\/wp\/v2\/pages"}],"about":[{"href":"https:\/\/www.fehernet.hu\/index.php?rest_route=\/wp\/v2\/types\/page"}],"author":[{"embeddable":true,"href":"https:\/\/www.fehernet.hu\/index.php?rest_route=\/wp\/v2\/users\/1"}],"replies":[{"embeddable":true,"href":"https:\/\/www.fehernet.hu\/index.php?rest_route=%2Fwp%2Fv2%2Fcomments&post=541"}],"version-history":[{"count":1,"href":"https:\/\/www.fehernet.hu\/index.php?rest_route=\/wp\/v2\/pages\/541\/revisions"}],"predecessor-version":[{"id":542,"href":"https:\/\/www.fehernet.hu\/index.php?rest_route=\/wp\/v2\/pages\/541\/revisions\/542"}],"wp:attachment":[{"href":"https:\/\/www.fehernet.hu\/index.php?rest_route=%2Fwp%2Fv2%2Fmedia&parent=541"}],"curies":[{"name":"wp","href":"https:\/\/api.w.org\/{rel}","templated":true}]}}