{"id":500,"date":"2014-01-09T17:58:06","date_gmt":"2014-01-09T16:58:06","guid":{"rendered":"http:\/\/www.fehernet.hu\/?p=500"},"modified":"2014-01-09T17:58:06","modified_gmt":"2014-01-09T16:58:06","slug":"kis-karacsony","status":"publish","type":"page","link":"https:\/\/www.fehernet.hu\/?page_id=500","title":{"rendered":"Kis kar\u00e1csony"},"content":{"rendered":"<p>\u00c9vtizedek m\u00e9ly\u00e9r\u0151l b\u00fajt eml\u00e9k<br \/>\ns egy r\u00e9ges-r\u00e9gi decemberi este<br \/>\nk\u00f6sz\u00f6nt fel\u00e9m: most kisfi\u00fa lenn\u00e9k,<br \/>\nki gyerekk\u00e9nt a kar\u00e1csonyt kereste.<\/p>\n<p>A kamr\u00e1ban egy nagy-nagy kos\u00e1r m\u00e9ly\u00e9n<br \/>\nbotlott ujjam zizeg\u0151s pap\u00edrba,<br \/>\nolvasni m\u00e1r hamar megtanultam,<br \/>\nm\u00e9gse hittem: eny\u00e9m, pedig r\u00e1 volt \u00edrva.<\/p>\n<p>J\u00f3 volna m\u00e9g olyan k\u00edv\u00e1ncsis\u00e1g,<br \/>\na kamra, meg a kos\u00e1r, s a december!<br \/>\nAz id\u0151 \u00fagy t\u00f6r\u00f6lt el sok-sok \u00e9vet,<br \/>\nmint le\u00e9gett gyerty\u00e1t olt ki az ember.<\/p>\n<p>Advent t\u00e1j\u00e1n elhalkul a sz\u00e9l is,<br \/>\nr\u00e9gi dalt d\u00fadolok, csendes-szomor\u00fat,<br \/>\n\u00e9n viszek majd aj\u00e1nd\u00e9kot ezt\u00e1n:<br \/>\nhavas feny\u0151 helyett feny\u0151koszor\u00fat&#8230;<\/p>\n","protected":false},"excerpt":{"rendered":"<p>\u00c9vtizedek m\u00e9ly\u00e9r\u0151l b\u00fajt eml\u00e9k s egy r\u00e9ges-r\u00e9gi decemberi este k\u00f6sz\u00f6nt fel\u00e9m: most kisfi\u00fa lenn\u00e9k, ki gyerekk\u00e9nt a kar\u00e1csonyt kereste. A kamr\u00e1ban egy nagy-nagy kos\u00e1r m\u00e9ly\u00e9n botlott ujjam zizeg\u0151s pap\u00edrba, olvasni m\u00e1r hamar megtanultam, m\u00e9gse hittem: eny\u00e9m, pedig r\u00e1 volt \u00edrva. &hellip; <a href=\"https:\/\/www.fehernet.hu\/?page_id=500\">Continue reading <span class=\"meta-nav\">&rarr;<\/span><\/a><\/p>\n","protected":false},"author":1,"featured_media":0,"parent":0,"menu_order":0,"comment_status":"open","ping_status":"open","template":"","meta":{"footnotes":""},"class_list":["post-500","page","type-page","status-publish","hentry"],"_links":{"self":[{"href":"https:\/\/www.fehernet.hu\/index.php?rest_route=\/wp\/v2\/pages\/500","targetHints":{"allow":["GET"]}}],"collection":[{"href":"https:\/\/www.fehernet.hu\/index.php?rest_route=\/wp\/v2\/pages"}],"about":[{"href":"https:\/\/www.fehernet.hu\/index.php?rest_route=\/wp\/v2\/types\/page"}],"author":[{"embeddable":true,"href":"https:\/\/www.fehernet.hu\/index.php?rest_route=\/wp\/v2\/users\/1"}],"replies":[{"embeddable":true,"href":"https:\/\/www.fehernet.hu\/index.php?rest_route=%2Fwp%2Fv2%2Fcomments&post=500"}],"version-history":[{"count":1,"href":"https:\/\/www.fehernet.hu\/index.php?rest_route=\/wp\/v2\/pages\/500\/revisions"}],"predecessor-version":[{"id":501,"href":"https:\/\/www.fehernet.hu\/index.php?rest_route=\/wp\/v2\/pages\/500\/revisions\/501"}],"wp:attachment":[{"href":"https:\/\/www.fehernet.hu\/index.php?rest_route=%2Fwp%2Fv2%2Fmedia&parent=500"}],"curies":[{"name":"wp","href":"https:\/\/api.w.org\/{rel}","templated":true}]}}