{"id":493,"date":"2014-01-09T01:00:00","date_gmt":"2014-01-09T00:00:00","guid":{"rendered":"http:\/\/www.fehernet.hu\/?p=493"},"modified":"2014-01-09T01:00:00","modified_gmt":"2014-01-09T00:00:00","slug":"macskabolcso-2","status":"publish","type":"page","link":"https:\/\/www.fehernet.hu\/?page_id=493","title":{"rendered":"Macskab\u00f6lcs\u0151"},"content":{"rendered":"<p><b>M<\/b>illi\u00f3nyi \u00faj \u00e9let,<br \/>\n\t<b>A<\/b>mikb\u0151l nem marad eml\u00e9k<br \/>\n\t<b>C<\/b>\u00e9ltalan, \u00fcres eszm\u00e9let<br \/>\n\t<b>S<\/b>iv\u00e1r, s\u00f3v\u00e1rg\u00f3 elm\u00e9k<br \/>\n\t<b>K<\/b>\u00e9k k\u00f6d, b\u00edbor es\u0151<br \/>\n\t<b>A<\/b>blakszemek megvakulnak<br \/>\n\t<b>B<\/b>ez\u00e1rt ajt\u00f3k m\u00f6g\u00f6tt les\u0151<br \/>\n\t<b>\u00d6<\/b>reged\u0151 pincefalak,<br \/>\n\t<b>L<\/b>\u00e9pcs\u0151k az \u00e9rtelemig<br \/>\n\t<b>C<\/b>send. Z\u00fag a v\u00e9gtelen.<br \/>\n\t<b>S<\/b>uta, vak macskak\u00f6lyk\u00f6k \u00e9bredeznek<br \/>\n\t<b>\u0150<\/b>si \u00e1lmukb\u00f3l.<\/p>\n<p>\t<i>\tKurt Vonnegutnak, szeretettel<\/i><\/p>\n","protected":false},"excerpt":{"rendered":"<p>Milli\u00f3nyi \u00faj \u00e9let, Amikb\u0151l nem marad eml\u00e9k C\u00e9ltalan, \u00fcres eszm\u00e9let Siv\u00e1r, s\u00f3v\u00e1rg\u00f3 elm\u00e9k K\u00e9k k\u00f6d, b\u00edbor es\u0151 Ablakszemek megvakulnak Bez\u00e1rt ajt\u00f3k m\u00f6g\u00f6tt les\u0151 \u00d6reged\u0151 pincefalak, L\u00e9pcs\u0151k az \u00e9rtelemig Csend. Z\u00fag a v\u00e9gtelen. Suta, vak macskak\u00f6lyk\u00f6k \u00e9bredeznek \u0150si \u00e1lmukb\u00f3l. Kurt Vonnegutnak, &hellip; <a href=\"https:\/\/www.fehernet.hu\/?page_id=493\">Continue reading <span class=\"meta-nav\">&rarr;<\/span><\/a><\/p>\n","protected":false},"author":1,"featured_media":0,"parent":0,"menu_order":0,"comment_status":"open","ping_status":"open","template":"","meta":{"footnotes":""},"class_list":["post-493","page","type-page","status-publish","hentry"],"_links":{"self":[{"href":"https:\/\/www.fehernet.hu\/index.php?rest_route=\/wp\/v2\/pages\/493","targetHints":{"allow":["GET"]}}],"collection":[{"href":"https:\/\/www.fehernet.hu\/index.php?rest_route=\/wp\/v2\/pages"}],"about":[{"href":"https:\/\/www.fehernet.hu\/index.php?rest_route=\/wp\/v2\/types\/page"}],"author":[{"embeddable":true,"href":"https:\/\/www.fehernet.hu\/index.php?rest_route=\/wp\/v2\/users\/1"}],"replies":[{"embeddable":true,"href":"https:\/\/www.fehernet.hu\/index.php?rest_route=%2Fwp%2Fv2%2Fcomments&post=493"}],"version-history":[{"count":0,"href":"https:\/\/www.fehernet.hu\/index.php?rest_route=\/wp\/v2\/pages\/493\/revisions"}],"wp:attachment":[{"href":"https:\/\/www.fehernet.hu\/index.php?rest_route=%2Fwp%2Fv2%2Fmedia&parent=493"}],"curies":[{"name":"wp","href":"https:\/\/api.w.org\/{rel}","templated":true}]}}