{"id":489,"date":"2014-01-09T01:00:00","date_gmt":"2014-01-09T00:00:00","guid":{"rendered":"http:\/\/www.fehernet.hu\/?p=489"},"modified":"2014-01-20T22:32:49","modified_gmt":"2014-01-20T21:32:49","slug":"regi-bus-nyar","status":"publish","type":"page","link":"https:\/\/www.fehernet.hu\/?page_id=489","title":{"rendered":"R\u00e9gi, b\u00fas ny\u00e1r"},"content":{"rendered":"<p><i>In memoriam Sz. A.<\/i><\/p>\n<p>\tAz utak az\u00e9rt vannak,<br \/>\n\tHogy v\u00e9gigmenj\u00fcnk rajtuk;<br \/>\n\tA f\u00e9nyek az\u00e9rt,<br \/>\n\tHogy elrejt\u0151zz\u00fcnk el\u0151l\u00fck.<\/p>\n<p>\tA boldogs\u00e1g r\u00e9vj\u00e9be \u00e9rni &#8211;<br \/>\n\tMagasztos c\u00e9l, de f\u00e1raszt\u00f3.<br \/>\n\tA t\u0171zcseppek hev\u00e9ben \u00e9gni<br \/>\n\tMondd, mi\u00e9rt ne lenne j\u00f3?!<br \/>\n\tVir\u00e1gsz\u0151nyeg \u00e9s roskatag szem\u00e9thalom,<br \/>\n\tNy\u00e1ri d\u00e9lib\u00e1b \u00e9s a gyilkos \u00f6lel\u00e9s\u0171 t\u00f3,<br \/>\n\tMa tal\u00e1n igaz k\u00f6nnyeket ejt a sz\u00e1nalom.<br \/>\n\t\u00c1lom volt? Hangtalan val\u00f3s\u00e1gg\u00e1 dermedt sz\u00f3, jaj\u2026<\/p>\n<p>\tSokszor igazs\u00e1gtalan az az er\u0151,<br \/>\n\tAmit Sorsnak nevezel,<br \/>\n\tSokezer fekete r\u00f6g, \u00f6reg temet\u0151,<br \/>\n\tDe benn\u00fcnk \u00e9l az \u00e9let tov\u00e1bb,<br \/>\n\tS m\u00e1r miattad sem adjuk al\u00e1bb.<br \/>\n\tEgyik percben m\u00e9g f\u00e9ny \u00e9s t\u0171z \u00e9s er\u0151,<br \/>\n\tAzt\u00e1n megvakulva s\u00fcllyed a l\u00e9lek-emel\u0151<br \/>\n\tM\u00e9lys\u00e9gbe a tekintet,<br \/>\n\tMag\u00e1hoz vonz, nem enged<br \/>\n\tA gondolat, mellyel<br \/>\n\tIlyen tehetetlen val\u00f3mmal,<br \/>\n\tCsendes, lehajtott fejjel<br \/>\n\tTisztelgek e s\u00edrkert-verssel.<\/p>\n","protected":false},"excerpt":{"rendered":"<p>In memoriam Sz. A. Az utak az\u00e9rt vannak, Hogy v\u00e9gigmenj\u00fcnk rajtuk; A f\u00e9nyek az\u00e9rt, Hogy elrejt\u0151zz\u00fcnk el\u0151l\u00fck. A boldogs\u00e1g r\u00e9vj\u00e9be \u00e9rni &#8211; Magasztos c\u00e9l, de f\u00e1raszt\u00f3. A t\u0171zcseppek hev\u00e9ben \u00e9gni Mondd, mi\u00e9rt ne lenne j\u00f3?! Vir\u00e1gsz\u0151nyeg \u00e9s roskatag szem\u00e9thalom, Ny\u00e1ri &hellip; <a href=\"https:\/\/www.fehernet.hu\/?page_id=489\">Continue reading <span class=\"meta-nav\">&rarr;<\/span><\/a><\/p>\n","protected":false},"author":1,"featured_media":0,"parent":0,"menu_order":0,"comment_status":"open","ping_status":"open","template":"","meta":{"footnotes":""},"class_list":["post-489","page","type-page","status-publish","hentry"],"_links":{"self":[{"href":"https:\/\/www.fehernet.hu\/index.php?rest_route=\/wp\/v2\/pages\/489","targetHints":{"allow":["GET"]}}],"collection":[{"href":"https:\/\/www.fehernet.hu\/index.php?rest_route=\/wp\/v2\/pages"}],"about":[{"href":"https:\/\/www.fehernet.hu\/index.php?rest_route=\/wp\/v2\/types\/page"}],"author":[{"embeddable":true,"href":"https:\/\/www.fehernet.hu\/index.php?rest_route=\/wp\/v2\/users\/1"}],"replies":[{"embeddable":true,"href":"https:\/\/www.fehernet.hu\/index.php?rest_route=%2Fwp%2Fv2%2Fcomments&post=489"}],"version-history":[{"count":2,"href":"https:\/\/www.fehernet.hu\/index.php?rest_route=\/wp\/v2\/pages\/489\/revisions"}],"predecessor-version":[{"id":538,"href":"https:\/\/www.fehernet.hu\/index.php?rest_route=\/wp\/v2\/pages\/489\/revisions\/538"}],"wp:attachment":[{"href":"https:\/\/www.fehernet.hu\/index.php?rest_route=%2Fwp%2Fv2%2Fmedia&parent=489"}],"curies":[{"name":"wp","href":"https:\/\/api.w.org\/{rel}","templated":true}]}}