{"id":487,"date":"2014-01-09T01:00:00","date_gmt":"2014-01-09T00:00:00","guid":{"rendered":"http:\/\/www.fehernet.hu\/?p=487"},"modified":"2014-01-09T01:00:00","modified_gmt":"2014-01-09T00:00:00","slug":"szentimentalis-2","status":"publish","type":"page","link":"https:\/\/www.fehernet.hu\/?page_id=487","title":{"rendered":"Szentiment\u00e1lis"},"content":{"rendered":"<p>Tudta,hogy a versek is sz\u00fcletnek?<br \/>\n\tFels\u00edrnak, ha vil\u00e1gra j\u00f6nnek,<br \/>\n\tS az els\u0151 l\u00e9legzetv\u00e9tellel<br \/>\n\tTudattalan sz\u00e9pek \u00d6nnek.<\/p>\n<p>\tS majdan a versek is meghalnak,<br \/>\n\tHasznavehetetlen l\u00e9t ut\u00e1n,<br \/>\n\tTemet\u0151j\u00fck egy gy\u0171r\u00f6tt pap\u00edrlap,<br \/>\n\tMit el\u00e9gett\u00e9l a zongor\u00e1n.<\/p>\n","protected":false},"excerpt":{"rendered":"<p>Tudta,hogy a versek is sz\u00fcletnek? Fels\u00edrnak, ha vil\u00e1gra j\u00f6nnek, S az els\u0151 l\u00e9legzetv\u00e9tellel Tudattalan sz\u00e9pek \u00d6nnek. S majdan a versek is meghalnak, Hasznavehetetlen l\u00e9t ut\u00e1n, Temet\u0151j\u00fck egy gy\u0171r\u00f6tt pap\u00edrlap, Mit el\u00e9gett\u00e9l a zongor\u00e1n.<\/p>\n","protected":false},"author":1,"featured_media":0,"parent":0,"menu_order":0,"comment_status":"open","ping_status":"open","template":"","meta":{"footnotes":""},"class_list":["post-487","page","type-page","status-publish","hentry"],"_links":{"self":[{"href":"https:\/\/www.fehernet.hu\/index.php?rest_route=\/wp\/v2\/pages\/487","targetHints":{"allow":["GET"]}}],"collection":[{"href":"https:\/\/www.fehernet.hu\/index.php?rest_route=\/wp\/v2\/pages"}],"about":[{"href":"https:\/\/www.fehernet.hu\/index.php?rest_route=\/wp\/v2\/types\/page"}],"author":[{"embeddable":true,"href":"https:\/\/www.fehernet.hu\/index.php?rest_route=\/wp\/v2\/users\/1"}],"replies":[{"embeddable":true,"href":"https:\/\/www.fehernet.hu\/index.php?rest_route=%2Fwp%2Fv2%2Fcomments&post=487"}],"version-history":[{"count":0,"href":"https:\/\/www.fehernet.hu\/index.php?rest_route=\/wp\/v2\/pages\/487\/revisions"}],"wp:attachment":[{"href":"https:\/\/www.fehernet.hu\/index.php?rest_route=%2Fwp%2Fv2%2Fmedia&parent=487"}],"curies":[{"name":"wp","href":"https:\/\/api.w.org\/{rel}","templated":true}]}}