{"id":351,"date":"2014-01-09T10:38:57","date_gmt":"2014-01-09T09:38:57","guid":{"rendered":"http:\/\/www.fehernet.hu\/?page_id=351"},"modified":"2014-01-20T20:36:22","modified_gmt":"2014-01-20T19:36:22","slug":"versek","status":"publish","type":"page","link":"https:\/\/www.fehernet.hu\/?page_id=351","title":{"rendered":"Versek"},"content":{"rendered":"<p>(Az oldalra a m\u0171vek felt\u00f6lt\u00e9se folyamatosan t\u00f6rt\u00e9nik, jelenleg egy pillanatnyi \u00e1llapotot l\u00e1that\u00f3.)<\/p>\n","protected":false},"excerpt":{"rendered":"<p>(Az oldalra a m\u0171vek felt\u00f6lt\u00e9se folyamatosan t\u00f6rt\u00e9nik, jelenleg egy pillanatnyi \u00e1llapotot l\u00e1that\u00f3.)<\/p>\n","protected":false},"author":1,"featured_media":0,"parent":0,"menu_order":0,"comment_status":"open","ping_status":"open","template":"","meta":{"footnotes":""},"class_list":["post-351","page","type-page","status-publish","hentry"],"_links":{"self":[{"href":"https:\/\/www.fehernet.hu\/index.php?rest_route=\/wp\/v2\/pages\/351","targetHints":{"allow":["GET"]}}],"collection":[{"href":"https:\/\/www.fehernet.hu\/index.php?rest_route=\/wp\/v2\/pages"}],"about":[{"href":"https:\/\/www.fehernet.hu\/index.php?rest_route=\/wp\/v2\/types\/page"}],"author":[{"embeddable":true,"href":"https:\/\/www.fehernet.hu\/index.php?rest_route=\/wp\/v2\/users\/1"}],"replies":[{"embeddable":true,"href":"https:\/\/www.fehernet.hu\/index.php?rest_route=%2Fwp%2Fv2%2Fcomments&post=351"}],"version-history":[{"count":4,"href":"https:\/\/www.fehernet.hu\/index.php?rest_route=\/wp\/v2\/pages\/351\/revisions"}],"predecessor-version":[{"id":519,"href":"https:\/\/www.fehernet.hu\/index.php?rest_route=\/wp\/v2\/pages\/351\/revisions\/519"}],"wp:attachment":[{"href":"https:\/\/www.fehernet.hu\/index.php?rest_route=%2Fwp%2Fv2%2Fmedia&parent=351"}],"curies":[{"name":"wp","href":"https:\/\/api.w.org\/{rel}","templated":true}]}}