{"id":332,"date":"2014-01-03T09:28:09","date_gmt":"2014-01-03T08:28:09","guid":{"rendered":"http:\/\/www.fehernet.hu\/?page_id=332"},"modified":"2015-01-14T09:20:49","modified_gmt":"2015-01-14T08:20:49","slug":"megjelenesek-kiadvanyok","status":"publish","type":"page","link":"https:\/\/www.fehernet.hu\/?page_id=332","title":{"rendered":"Megjelen\u00e9sek, kiadv\u00e1nyok"},"content":{"rendered":"<p>Verseim k\u00fcl\u00f6nb\u00f6z\u0151 internetes f\u00f3rumokban, k\u00f6z\u00f6ss\u00e9gi oldalakon jelennek meg.<\/p>\n<p>Rendszeresen publik\u00e1lok az <a title=\"Pieris.hu\" href=\"http:\/\/www.pieris.hu\" target=\"_blank\">Pieris.hu<\/a>\u00a0weboldalra (kor\u00e1bbi nev\u00e9n: Amat\u0151r M\u0171v\u00e9szek F\u00f3ruma), illetve a Facebook n\u00e9h\u00e1ny irodalmi t\u00e9m\u00e1j\u00fa csoportj\u00e1ba.<\/p>\n<p>Verseim megjelentek:<\/p>\n<ul>\n<li>A Poet.hu oldalon:\u00a0<a href=\"http:\/\/www.poet.hu\/szerzo\/Feher_Csaba\" target=\"_blank\">http:\/\/www.poet.hu\/szerzo\/Feher_Csaba<\/a><\/li>\n<li>A Comitatus irodalmi foly\u00f3iratban:\u00a0<a href=\"http:\/\/issuu.com\/szinba\/docs\/comitatus_iii.___vf._5._sz__m\" target=\"_blank\">http:\/\/issuu.com\/szinba\/docs\/comitatus_iii.___vf._5._sz__m<\/a><\/li>\n<li>A P\u00f3lus Irodalmi Szempont weboldal\u00e1n:\u00a0<a href=\"http:\/\/szempontom.blogspot.hu\/search\/label\/Feh%C3%A9r%20Csaba\" target=\"_blank\">http:\/\/szempontom.blogspot.hu\/search\/label\/Feh%C3%A9r%20Csaba<\/a><\/li>\n<li>A 7torony irodalmi port\u00e1lon:\u00a0<a href=\"http:\/\/7torony.hu\/content.php?u=2263\">http:\/\/7torony.hu\/content.php?u=2263<\/a><\/li>\n<li>A Foly\u00f3 m\u0171v\u00e9szeti magazinban:\u00a0<a title=\"http:\/\/folyo-irat.hu\/elstollasok\/4--elstollasok-\/1976-feher-csaba-gyerekversei\" href=\"http:\/\/folyo-irat.hu\/elstollasok\/4--elstollasok-\/1976-feher-csaba-gyerekversei\">http:\/\/folyo-irat.hu\/elstollasok\/4&#8211;elstollasok-\/1976-feher-csaba-gyerekversei<\/a><\/li>\n<\/ul>\n<p>Nyomtatott megjelen\u00e9seim az almen\u00fckben tal\u00e1lhat\u00f3k.<\/p>\n<p>&nbsp;<\/p>\n","protected":false},"excerpt":{"rendered":"<p>Verseim k\u00fcl\u00f6nb\u00f6z\u0151 internetes f\u00f3rumokban, k\u00f6z\u00f6ss\u00e9gi oldalakon jelennek meg. Rendszeresen publik\u00e1lok az Pieris.hu\u00a0weboldalra (kor\u00e1bbi nev\u00e9n: Amat\u0151r M\u0171v\u00e9szek F\u00f3ruma), illetve a Facebook n\u00e9h\u00e1ny irodalmi t\u00e9m\u00e1j\u00fa csoportj\u00e1ba. Verseim megjelentek: A Poet.hu oldalon:\u00a0http:\/\/www.poet.hu\/szerzo\/Feher_Csaba A Comitatus irodalmi foly\u00f3iratban:\u00a0http:\/\/issuu.com\/szinba\/docs\/comitatus_iii.___vf._5._sz__m A P\u00f3lus Irodalmi Szempont weboldal\u00e1n:\u00a0http:\/\/szempontom.blogspot.hu\/search\/label\/Feh%C3%A9r%20Csaba A 7torony &hellip; <a href=\"https:\/\/www.fehernet.hu\/?page_id=332\">Continue reading <span class=\"meta-nav\">&rarr;<\/span><\/a><\/p>\n","protected":false},"author":1,"featured_media":0,"parent":0,"menu_order":0,"comment_status":"open","ping_status":"open","template":"","meta":{"footnotes":""},"class_list":["post-332","page","type-page","status-publish","hentry"],"_links":{"self":[{"href":"https:\/\/www.fehernet.hu\/index.php?rest_route=\/wp\/v2\/pages\/332","targetHints":{"allow":["GET"]}}],"collection":[{"href":"https:\/\/www.fehernet.hu\/index.php?rest_route=\/wp\/v2\/pages"}],"about":[{"href":"https:\/\/www.fehernet.hu\/index.php?rest_route=\/wp\/v2\/types\/page"}],"author":[{"embeddable":true,"href":"https:\/\/www.fehernet.hu\/index.php?rest_route=\/wp\/v2\/users\/1"}],"replies":[{"embeddable":true,"href":"https:\/\/www.fehernet.hu\/index.php?rest_route=%2Fwp%2Fv2%2Fcomments&post=332"}],"version-history":[{"count":8,"href":"https:\/\/www.fehernet.hu\/index.php?rest_route=\/wp\/v2\/pages\/332\/revisions"}],"predecessor-version":[{"id":580,"href":"https:\/\/www.fehernet.hu\/index.php?rest_route=\/wp\/v2\/pages\/332\/revisions\/580"}],"wp:attachment":[{"href":"https:\/\/www.fehernet.hu\/index.php?rest_route=%2Fwp%2Fv2%2Fmedia&parent=332"}],"curies":[{"name":"wp","href":"https:\/\/api.w.org\/{rel}","templated":true}]}}