{"id":291,"date":"2013-01-09T16:00:33","date_gmt":"2013-01-09T15:00:33","guid":{"rendered":"http:\/\/www.fehernet.hu\/?page_id=291"},"modified":"2013-01-09T16:00:33","modified_gmt":"2013-01-09T15:00:33","slug":"megrendeles","status":"publish","type":"page","link":"https:\/\/www.fehernet.hu\/?page_id=291","title":{"rendered":"Megrendel\u00e9s"},"content":{"rendered":"<p>A k\u00f6tet megrendelhet\u0151 az al\u00e1bbi c\u00edmeken: <a href=\"mailto:csaba@fehernet.hu\">csaba@fehernet.hu<\/a> vagy <a href=\"mailto:csfeher@gmail.com\">csfeher@gmail.com<\/a><\/p>\n","protected":false},"excerpt":{"rendered":"<p>A k\u00f6tet megrendelhet\u0151 az al\u00e1bbi c\u00edmeken: csaba@fehernet.hu vagy csfeher@gmail.com<\/p>\n","protected":false},"author":1,"featured_media":0,"parent":0,"menu_order":0,"comment_status":"open","ping_status":"open","template":"","meta":{"footnotes":""},"class_list":["post-291","page","type-page","status-publish","hentry"],"_links":{"self":[{"href":"https:\/\/www.fehernet.hu\/index.php?rest_route=\/wp\/v2\/pages\/291","targetHints":{"allow":["GET"]}}],"collection":[{"href":"https:\/\/www.fehernet.hu\/index.php?rest_route=\/wp\/v2\/pages"}],"about":[{"href":"https:\/\/www.fehernet.hu\/index.php?rest_route=\/wp\/v2\/types\/page"}],"author":[{"embeddable":true,"href":"https:\/\/www.fehernet.hu\/index.php?rest_route=\/wp\/v2\/users\/1"}],"replies":[{"embeddable":true,"href":"https:\/\/www.fehernet.hu\/index.php?rest_route=%2Fwp%2Fv2%2Fcomments&post=291"}],"version-history":[{"count":1,"href":"https:\/\/www.fehernet.hu\/index.php?rest_route=\/wp\/v2\/pages\/291\/revisions"}],"predecessor-version":[{"id":318,"href":"https:\/\/www.fehernet.hu\/index.php?rest_route=\/wp\/v2\/pages\/291\/revisions\/318"}],"wp:attachment":[{"href":"https:\/\/www.fehernet.hu\/index.php?rest_route=%2Fwp%2Fv2%2Fmedia&parent=291"}],"curies":[{"name":"wp","href":"https:\/\/api.w.org\/{rel}","templated":true}]}}