{"id":604,"date":"2015-05-04T14:16:26","date_gmt":"2015-05-04T13:16:26","guid":{"rendered":"http:\/\/www.fehernet.hu\/?page_id=604"},"modified":"2015-05-04T14:20:11","modified_gmt":"2015-05-04T13:20:11","slug":"100-szoban-budapest","status":"publish","type":"page","link":"http:\/\/www.fehernet.hu\/?page_id=604","title":{"rendered":"100 sz\u00f3ban Budapest"},"content":{"rendered":"<p>Tavaly ind\u00edtotta \u00fatj\u00e1ra el\u0151sz\u00f6r a Mindspace csapata a a 100 sz\u00f3ban Budapest p\u00e1ly\u00e1zatot. Arra k\u00e9rtek mindenkit, hogy \u00edrjanak 100 sz\u00f3ban Budapestr\u0151l. Arr\u00f3l, hogy mit \u00e9reznek, gondolnak a v\u00e1rosr\u00f3l. A mindenki sz\u00e1m\u00e1ra nyilv\u00e1nos p\u00e1ly\u00e1zatnak egy kik\u00f6t\u00e9se volt, a bek\u00fcld\u00f6tt \u00edr\u00e1st maximum sz\u00e1z sz\u00f3ban kellett megfogalmazni. K\u00f6zel 800 m\u0171 \u00e9rkezett elektronikus \u00e9s postai \u00faton.<\/p>\n<p>A bek\u00fcld\u00f6tt m\u0171veket a h\u00e1romtag\u00fa zs\u0171ri b\u00edr\u00e1lta el: Winkler N\u00f3ra m\u0171sorvezet\u0151, Haj\u00f3s Andr\u00e1s zen\u00e9sz, tv szem\u00e9lyis\u00e9g \u00e9s Sz\u0151ll\u0151ssy Bal\u00e1zs a Fiatal \u00cdr\u00f3k Sz\u00f6vets\u00e9g\u00e9nek eln\u00f6ks\u00e9gi tagja v\u00e1lasztott\u00e1k ki a legjobbakat.<\/p>\n<p>A 100 legjobb \u00edr\u00e1s zsebk\u00f6nyv form\u00e1j\u00e1ban is megjelent. A nyertesek k\u00f6z\u00fcl a h\u00e1rom m\u0171vet meg is zen\u00e9s\u00edtettek, amit a d\u00edj\u00e1tad\u00f3val egybek\u00f6t\u00f6tt ki\u00e1ll\u00edt\u00e1smegnyit\u00f3n hallhatott a k\u00f6z\u00f6ns\u00e9g, ahol a legjobb m\u0171vek illusztr\u00e1ci\u00f3it is meg lehetett tekinteni.<\/p>\n<p>&#8222;<a href=\"http:\/\/www.fehernet.hu\/?page_id=607\">A l\u00e9lek,\u00a0meg a test<\/a>&#8221; c\u00edm\u0171 versem beker\u00fclt a 100 legjobb k\u00f6z\u00e9, \u00edgy a megjelent kiadv\u00e1nyban is olvashat\u00f3.<\/p>\n","protected":false},"excerpt":{"rendered":"<p>Tavaly ind\u00edtotta \u00fatj\u00e1ra el\u0151sz\u00f6r a Mindspace csapata a a 100 sz\u00f3ban Budapest p\u00e1ly\u00e1zatot. Arra k\u00e9rtek mindenkit, hogy \u00edrjanak 100 sz\u00f3ban Budapestr\u0151l. Arr\u00f3l, hogy mit \u00e9reznek, gondolnak a v\u00e1rosr\u00f3l. A mindenki sz\u00e1m\u00e1ra nyilv\u00e1nos p\u00e1ly\u00e1zatnak egy kik\u00f6t\u00e9se volt, a bek\u00fcld\u00f6tt \u00edr\u00e1st maximum &hellip; <a href=\"http:\/\/www.fehernet.hu\/?page_id=604\">Continue reading <span class=\"meta-nav\">&rarr;<\/span><\/a><\/p>\n","protected":false},"author":1,"featured_media":0,"parent":332,"menu_order":0,"comment_status":"open","ping_status":"open","template":"","meta":{"footnotes":""},"class_list":["post-604","page","type-page","status-publish","hentry"],"_links":{"self":[{"href":"http:\/\/www.fehernet.hu\/index.php?rest_route=\/wp\/v2\/pages\/604","targetHints":{"allow":["GET"]}}],"collection":[{"href":"http:\/\/www.fehernet.hu\/index.php?rest_route=\/wp\/v2\/pages"}],"about":[{"href":"http:\/\/www.fehernet.hu\/index.php?rest_route=\/wp\/v2\/types\/page"}],"author":[{"embeddable":true,"href":"http:\/\/www.fehernet.hu\/index.php?rest_route=\/wp\/v2\/users\/1"}],"replies":[{"embeddable":true,"href":"http:\/\/www.fehernet.hu\/index.php?rest_route=%2Fwp%2Fv2%2Fcomments&post=604"}],"version-history":[{"count":2,"href":"http:\/\/www.fehernet.hu\/index.php?rest_route=\/wp\/v2\/pages\/604\/revisions"}],"predecessor-version":[{"id":610,"href":"http:\/\/www.fehernet.hu\/index.php?rest_route=\/wp\/v2\/pages\/604\/revisions\/610"}],"up":[{"embeddable":true,"href":"http:\/\/www.fehernet.hu\/index.php?rest_route=\/wp\/v2\/pages\/332"}],"wp:attachment":[{"href":"http:\/\/www.fehernet.hu\/index.php?rest_route=%2Fwp%2Fv2%2Fmedia&parent=604"}],"curies":[{"name":"wp","href":"https:\/\/api.w.org\/{rel}","templated":true}]}}