{"id":557,"date":"2014-04-10T14:03:22","date_gmt":"2014-04-10T13:03:22","guid":{"rendered":"http:\/\/www.fehernet.hu\/?page_id=557"},"modified":"2014-04-10T14:03:22","modified_gmt":"2014-04-10T13:03:22","slug":"kave-cukorral-es-hexameterekkel","status":"publish","type":"page","link":"http:\/\/www.fehernet.hu\/?page_id=557","title":{"rendered":"K\u00e1v\u00e9 cukorral \u00e9s hexameterekkel"},"content":{"rendered":"<p>N\u00e9zd, odakinn m\u00e9g csillagok \u00e9gnek, s k\u00e9klik a hajnal,<br \/>\nEllebeg \u00e1lma az \u0151sznek, roppan a k\u00e9reg a t\u00f3cs\u00e1n,<br \/>\nR\u0151t levelek, l\u00e1sd, kergetik egym\u00e1st, el sosem \u00e9rik,<br \/>\nM\u00e9gse pihen le a sz\u00e9l, jeget \u00e9s fagyot ont a sziv\u00fcnkre.<br \/>\nHajdani d\u00e9lceg t\u00f6lgyf\u00e1k, egykori b\u00fcszke ak\u00e1cok,<br \/>\nF\u0171r\u00e9sz vasfoga l\u00e1batokat m\u00e1r r\u00e9g lemet\u00e9lte,<br \/>\n\u00c9s most testetek \u00fagy hasad el, jaj, csattan a fejsze,<br \/>\nS ott hever egybe-halomba rakottan mindegyik\u0151t\u00f6k,<br \/>\nNincs mened\u00e9k, mind v\u00e1rja a l\u00e1ng \u00e9s elnyeli nyomban.<br \/>\nK\u00e1lyha k\u00f6r\u00e9 telepedve a gondolatunk, ahogy illik,<br \/>\nElny\u0171tt, v\u00e1sott tegnapok \u00e1rnyai hullnak a f\u00f6ldre,<br \/>\nNy\u00edlik az ajt\u00f3, \u00e9s belop\u00f3zik a pirkadat, azt\u00e1n<br \/>\nK\u00f3cos napsugarak mosolyognak, futnak az \u00fatra.<br \/>\nJ\u00f6n, k\u00f6zel\u00edt m\u00e1r, itt a hegyen t\u00fal j\u00e1r a Kar\u00e1csony,<br \/>\nK\u00e1v\u00e9t kortyol a reggel, h\u00e1rom kockacukorral,<br \/>\nS t\u00e9tova, \u00e1lmos h\u00f3pihe olvad a benti melegben.<\/p>\n","protected":false},"excerpt":{"rendered":"<p>N\u00e9zd, odakinn m\u00e9g csillagok \u00e9gnek, s k\u00e9klik a hajnal, Ellebeg \u00e1lma az \u0151sznek, roppan a k\u00e9reg a t\u00f3cs\u00e1n, R\u0151t levelek, l\u00e1sd, kergetik egym\u00e1st, el sosem \u00e9rik, M\u00e9gse pihen le a sz\u00e9l, jeget \u00e9s fagyot ont a sziv\u00fcnkre. Hajdani d\u00e9lceg t\u00f6lgyf\u00e1k, &hellip; <a href=\"http:\/\/www.fehernet.hu\/?page_id=557\">Continue reading <span class=\"meta-nav\">&rarr;<\/span><\/a><\/p>\n","protected":false},"author":1,"featured_media":0,"parent":0,"menu_order":0,"comment_status":"open","ping_status":"open","template":"","meta":{"footnotes":""},"class_list":["post-557","page","type-page","status-publish","hentry"],"_links":{"self":[{"href":"http:\/\/www.fehernet.hu\/index.php?rest_route=\/wp\/v2\/pages\/557","targetHints":{"allow":["GET"]}}],"collection":[{"href":"http:\/\/www.fehernet.hu\/index.php?rest_route=\/wp\/v2\/pages"}],"about":[{"href":"http:\/\/www.fehernet.hu\/index.php?rest_route=\/wp\/v2\/types\/page"}],"author":[{"embeddable":true,"href":"http:\/\/www.fehernet.hu\/index.php?rest_route=\/wp\/v2\/users\/1"}],"replies":[{"embeddable":true,"href":"http:\/\/www.fehernet.hu\/index.php?rest_route=%2Fwp%2Fv2%2Fcomments&post=557"}],"version-history":[{"count":1,"href":"http:\/\/www.fehernet.hu\/index.php?rest_route=\/wp\/v2\/pages\/557\/revisions"}],"predecessor-version":[{"id":558,"href":"http:\/\/www.fehernet.hu\/index.php?rest_route=\/wp\/v2\/pages\/557\/revisions\/558"}],"wp:attachment":[{"href":"http:\/\/www.fehernet.hu\/index.php?rest_route=%2Fwp%2Fv2%2Fmedia&parent=557"}],"curies":[{"name":"wp","href":"https:\/\/api.w.org\/{rel}","templated":true}]}}