{"id":548,"date":"2014-04-10T13:49:30","date_gmt":"2014-04-10T12:49:30","guid":{"rendered":"http:\/\/www.fehernet.hu\/?page_id=548"},"modified":"2014-04-10T13:52:36","modified_gmt":"2014-04-10T12:52:36","slug":"tetovalt-memento","status":"publish","type":"page","link":"http:\/\/www.fehernet.hu\/?page_id=548","title":{"rendered":"Tetov\u00e1lt mement\u00f3"},"content":{"rendered":"<p>A moly.hu oldal bev\u00e1lasztotta a &#8222;S\u00e9t\u00e1k&#8221; c\u00edm\u0171 szonettkoszor\u00fat a 2014 \u00e1prilis\u00e1ban megjelent &#8222;Tetov\u00e1lt mement\u00f3&#8221; c\u00edm\u0171 antol\u00f3gi\u00e1j\u00e1ba.<\/p>\n<p><a href=\"http:\/\/www.fehernet.hu\/wp-content\/uploads\/2014\/04\/1976919_609502025802423_1044493333_n.jpg\"><img loading=\"lazy\" decoding=\"async\" class=\"alignnone size-thumbnail wp-image-551\" alt=\"1976919_609502025802423_1044493333_n\" src=\"http:\/\/www.fehernet.hu\/wp-content\/uploads\/2014\/04\/1976919_609502025802423_1044493333_n-150x150.jpg\" width=\"150\" height=\"150\" \/><\/a><\/p>\n<p>Kiad\u00f3: moly.hu<\/p>\n<p>Az antol\u00f3gia oldala a moly.hu-n:\u00a0<a title=\"http:\/\/moly.hu\/konyvek\/karsza-andi-molnar-nikolett-szerk-tetovalt-memento\" href=\"http:\/\/moly.hu\/konyvek\/karsza-andi-molnar-nikolett-szerk-tetovalt-memento\">http:\/\/moly.hu\/konyvek\/karsza-andi-molnar-nikolett-szerk-tetovalt-memento<\/a><\/p>\n","protected":false},"excerpt":{"rendered":"<p>A moly.hu oldal bev\u00e1lasztotta a &#8222;S\u00e9t\u00e1k&#8221; c\u00edm\u0171 szonettkoszor\u00fat a 2014 \u00e1prilis\u00e1ban megjelent &#8222;Tetov\u00e1lt mement\u00f3&#8221; c\u00edm\u0171 antol\u00f3gi\u00e1j\u00e1ba. Kiad\u00f3: moly.hu Az antol\u00f3gia oldala a moly.hu-n:\u00a0http:\/\/moly.hu\/konyvek\/karsza-andi-molnar-nikolett-szerk-tetovalt-memento<\/p>\n","protected":false},"author":1,"featured_media":0,"parent":0,"menu_order":0,"comment_status":"open","ping_status":"open","template":"","meta":{"footnotes":""},"class_list":["post-548","page","type-page","status-publish","hentry"],"_links":{"self":[{"href":"http:\/\/www.fehernet.hu\/index.php?rest_route=\/wp\/v2\/pages\/548","targetHints":{"allow":["GET"]}}],"collection":[{"href":"http:\/\/www.fehernet.hu\/index.php?rest_route=\/wp\/v2\/pages"}],"about":[{"href":"http:\/\/www.fehernet.hu\/index.php?rest_route=\/wp\/v2\/types\/page"}],"author":[{"embeddable":true,"href":"http:\/\/www.fehernet.hu\/index.php?rest_route=\/wp\/v2\/users\/1"}],"replies":[{"embeddable":true,"href":"http:\/\/www.fehernet.hu\/index.php?rest_route=%2Fwp%2Fv2%2Fcomments&post=548"}],"version-history":[{"count":3,"href":"http:\/\/www.fehernet.hu\/index.php?rest_route=\/wp\/v2\/pages\/548\/revisions"}],"predecessor-version":[{"id":552,"href":"http:\/\/www.fehernet.hu\/index.php?rest_route=\/wp\/v2\/pages\/548\/revisions\/552"}],"wp:attachment":[{"href":"http:\/\/www.fehernet.hu\/index.php?rest_route=%2Fwp%2Fv2%2Fmedia&parent=548"}],"curies":[{"name":"wp","href":"https:\/\/api.w.org\/{rel}","templated":true}]}}