{"id":510,"date":"2014-01-17T16:22:05","date_gmt":"2014-01-17T15:22:05","guid":{"rendered":"http:\/\/www.fehernet.hu\/?page_id=510"},"modified":"2014-01-20T20:16:01","modified_gmt":"2014-01-20T19:16:01","slug":"prozak","status":"publish","type":"page","link":"http:\/\/www.fehernet.hu\/?page_id=510","title":{"rendered":"Pr\u00f3z\u00e1k"},"content":{"rendered":"<p>(Az oldalra a m\u0171vek felt\u00f6lt\u00e9se folyamatosan t\u00f6rt\u00e9nik, jelenleg egy pillanatnyi \u00e1llapotot l\u00e1that\u00f3.)<\/p>\n<p><a title=\"T\u00fck\u00f6r\" href=\"http:\/\/www.fehernet.hu\/?page_id=398\">T\u00fck\u00f6r<\/a><\/p>\n<p><a title=\"A szvetter\" href=\"http:\/\/www.fehernet.hu\/?page_id=505\">A szvetter\u00a0<\/a><\/p>\n","protected":false},"excerpt":{"rendered":"<p>(Az oldalra a m\u0171vek felt\u00f6lt\u00e9se folyamatosan t\u00f6rt\u00e9nik, jelenleg egy pillanatnyi \u00e1llapotot l\u00e1that\u00f3.) T\u00fck\u00f6r A szvetter\u00a0<\/p>\n","protected":false},"author":1,"featured_media":0,"parent":0,"menu_order":0,"comment_status":"open","ping_status":"open","template":"","meta":{"footnotes":""},"class_list":["post-510","page","type-page","status-publish","hentry"],"_links":{"self":[{"href":"http:\/\/www.fehernet.hu\/index.php?rest_route=\/wp\/v2\/pages\/510","targetHints":{"allow":["GET"]}}],"collection":[{"href":"http:\/\/www.fehernet.hu\/index.php?rest_route=\/wp\/v2\/pages"}],"about":[{"href":"http:\/\/www.fehernet.hu\/index.php?rest_route=\/wp\/v2\/types\/page"}],"author":[{"embeddable":true,"href":"http:\/\/www.fehernet.hu\/index.php?rest_route=\/wp\/v2\/users\/1"}],"replies":[{"embeddable":true,"href":"http:\/\/www.fehernet.hu\/index.php?rest_route=%2Fwp%2Fv2%2Fcomments&post=510"}],"version-history":[{"count":5,"href":"http:\/\/www.fehernet.hu\/index.php?rest_route=\/wp\/v2\/pages\/510\/revisions"}],"predecessor-version":[{"id":516,"href":"http:\/\/www.fehernet.hu\/index.php?rest_route=\/wp\/v2\/pages\/510\/revisions\/516"}],"wp:attachment":[{"href":"http:\/\/www.fehernet.hu\/index.php?rest_route=%2Fwp%2Fv2%2Fmedia&parent=510"}],"curies":[{"name":"wp","href":"https:\/\/api.w.org\/{rel}","templated":true}]}}