{"id":497,"date":"2014-01-09T16:04:18","date_gmt":"2014-01-09T15:04:18","guid":{"rendered":"http:\/\/www.fehernet.hu\/?p=497"},"modified":"2014-01-09T16:14:03","modified_gmt":"2014-01-09T15:14:03","slug":"ugrik-az-ev","status":"publish","type":"page","link":"http:\/\/www.fehernet.hu\/?page_id=497","title":{"rendered":"Ugrik az \u00e9v"},"content":{"rendered":"<p><span>M\u00e9g karcs\u00fa, v\u00f6r\u00f6s k\u00e9m\u00e9nyek pip\u00e1lnak<br \/>\nDe lesz ideje P\u00e9ternek \u00e9s P\u00e1lnak<br \/>\nKal\u00e1szt \u00e9leszteni j\u00f6v\u0151 ny\u00e1rra<br \/>\nGyapjat n\u00f6veszteni tarka ny\u00e1jra<\/span><\/p>\n<p><span>Ablakomban hullnak festett h\u00f3pih\u00e9k<br \/>\nCsendben mormolunk egy \u0151s var\u00e1zsig\u00e9t<br \/>\n\u00dajesztend\u0151 j\u00f6jj, j\u00f6jj el, hadd l\u00e1ssam<br \/>\nSz\u00e9les vil\u00e1g lov\u00e1t hogy zabol\u00e1zzam?<\/span><\/p>\n<p>Hogyha bajt hozol, mire mondjak \u00e1tkot?<br \/>\nS hogy h\u00e1l\u00e1ljam meg j\u00f6vend\u0151 j\u00f3s\u00e1god?<br \/>\n\u00dagy lesz minden j\u00f3l, ahogy meg kell lenni<br \/>\nF\u00e1tuma ellen nem szeg\u00fclhet senki<\/p>\n<p>Ember leszek mindig, n\u00e9ha r\u00e9veteg,<br \/>\nEsend\u0151, de b\u00fcszke, s olykor t\u00e9vedek<br \/>\nNem \u00edg\u00e9rek t\u00f6bbet, nem is mondok m\u00e1st<br \/>\nNoh\u00e1t, gyere Sors, \u00e9s igyunk \u00e1ldom\u00e1st!<\/p>\n","protected":false},"excerpt":{"rendered":"<p>M\u00e9g karcs\u00fa, v\u00f6r\u00f6s k\u00e9m\u00e9nyek pip\u00e1lnak De lesz ideje P\u00e9ternek \u00e9s P\u00e1lnak Kal\u00e1szt \u00e9leszteni j\u00f6v\u0151 ny\u00e1rra Gyapjat n\u00f6veszteni tarka ny\u00e1jra Ablakomban hullnak festett h\u00f3pih\u00e9k Csendben mormolunk egy \u0151s var\u00e1zsig\u00e9t \u00dajesztend\u0151 j\u00f6jj, j\u00f6jj el, hadd l\u00e1ssam Sz\u00e9les vil\u00e1g lov\u00e1t hogy zabol\u00e1zzam? Hogyha &hellip; <a href=\"http:\/\/www.fehernet.hu\/?page_id=497\">Continue reading <span class=\"meta-nav\">&rarr;<\/span><\/a><\/p>\n","protected":false},"author":1,"featured_media":0,"parent":0,"menu_order":0,"comment_status":"open","ping_status":"open","template":"","meta":{"footnotes":""},"class_list":["post-497","page","type-page","status-publish","hentry"],"_links":{"self":[{"href":"http:\/\/www.fehernet.hu\/index.php?rest_route=\/wp\/v2\/pages\/497","targetHints":{"allow":["GET"]}}],"collection":[{"href":"http:\/\/www.fehernet.hu\/index.php?rest_route=\/wp\/v2\/pages"}],"about":[{"href":"http:\/\/www.fehernet.hu\/index.php?rest_route=\/wp\/v2\/types\/page"}],"author":[{"embeddable":true,"href":"http:\/\/www.fehernet.hu\/index.php?rest_route=\/wp\/v2\/users\/1"}],"replies":[{"embeddable":true,"href":"http:\/\/www.fehernet.hu\/index.php?rest_route=%2Fwp%2Fv2%2Fcomments&post=497"}],"version-history":[{"count":2,"href":"http:\/\/www.fehernet.hu\/index.php?rest_route=\/wp\/v2\/pages\/497\/revisions"}],"predecessor-version":[{"id":499,"href":"http:\/\/www.fehernet.hu\/index.php?rest_route=\/wp\/v2\/pages\/497\/revisions\/499"}],"wp:attachment":[{"href":"http:\/\/www.fehernet.hu\/index.php?rest_route=%2Fwp%2Fv2%2Fmedia&parent=497"}],"curies":[{"name":"wp","href":"https:\/\/api.w.org\/{rel}","templated":true}]}}