{"id":486,"date":"2014-01-09T01:00:00","date_gmt":"2014-01-09T00:00:00","guid":{"rendered":"http:\/\/www.fehernet.hu\/?p=486"},"modified":"2014-01-09T15:58:26","modified_gmt":"2014-01-09T14:58:26","slug":"varakozva-3","status":"publish","type":"page","link":"http:\/\/www.fehernet.hu\/?page_id=486","title":{"rendered":"V\u00e1rakozva"},"content":{"rendered":"<p>Mint villamos a p\u00e1ly\u00e1n,<br \/>\n\tmikor a v\u00e1lt\u00f3ra \u00e9r,<br \/>\n\t\u00fagy d\u00f6ccen \u00e9let\u00fcnk.<br \/>\n\t \u2019Semmis\u00e9g\u2019 &#8211; mondja, aki csak t\u00e1volr\u00f3l n\u00e9z,<br \/>\n\tde kinek l\u00e1ba alatt m\u00e1r<br \/>\n\tmegmozdult a f\u00f6ld, annak<br \/>\n\t&#8211; jaj, le\u00edrni nem lehet &#8211;<br \/>\n\tolyan neh\u00e9z.<\/p>\n","protected":false},"excerpt":{"rendered":"<p>Mint villamos a p\u00e1ly\u00e1n, mikor a v\u00e1lt\u00f3ra \u00e9r, \u00fagy d\u00f6ccen \u00e9let\u00fcnk. \u2019Semmis\u00e9g\u2019 &#8211; mondja, aki csak t\u00e1volr\u00f3l n\u00e9z, de kinek l\u00e1ba alatt m\u00e1r megmozdult a f\u00f6ld, annak &#8211; jaj, le\u00edrni nem lehet &#8211; olyan neh\u00e9z.<\/p>\n","protected":false},"author":1,"featured_media":0,"parent":0,"menu_order":0,"comment_status":"open","ping_status":"open","template":"","meta":{"footnotes":""},"class_list":["post-486","page","type-page","status-publish","hentry"],"_links":{"self":[{"href":"http:\/\/www.fehernet.hu\/index.php?rest_route=\/wp\/v2\/pages\/486","targetHints":{"allow":["GET"]}}],"collection":[{"href":"http:\/\/www.fehernet.hu\/index.php?rest_route=\/wp\/v2\/pages"}],"about":[{"href":"http:\/\/www.fehernet.hu\/index.php?rest_route=\/wp\/v2\/types\/page"}],"author":[{"embeddable":true,"href":"http:\/\/www.fehernet.hu\/index.php?rest_route=\/wp\/v2\/users\/1"}],"replies":[{"embeddable":true,"href":"http:\/\/www.fehernet.hu\/index.php?rest_route=%2Fwp%2Fv2%2Fcomments&post=486"}],"version-history":[{"count":1,"href":"http:\/\/www.fehernet.hu\/index.php?rest_route=\/wp\/v2\/pages\/486\/revisions"}],"predecessor-version":[{"id":494,"href":"http:\/\/www.fehernet.hu\/index.php?rest_route=\/wp\/v2\/pages\/486\/revisions\/494"}],"wp:attachment":[{"href":"http:\/\/www.fehernet.hu\/index.php?rest_route=%2Fwp%2Fv2%2Fmedia&parent=486"}],"curies":[{"name":"wp","href":"https:\/\/api.w.org\/{rel}","templated":true}]}}