{"id":485,"date":"2014-01-09T01:00:00","date_gmt":"2014-01-09T00:00:00","guid":{"rendered":"http:\/\/www.fehernet.hu\/?p=485"},"modified":"2014-01-09T01:00:00","modified_gmt":"2014-01-09T00:00:00","slug":"valaszokra-varva-3","status":"publish","type":"page","link":"http:\/\/www.fehernet.hu\/?page_id=485","title":{"rendered":"V\u00e1laszokra v\u00e1rva"},"content":{"rendered":"<p>Mocskos vonatablakok,<br \/>\n\tF\u00fcst\u00edz\u0171 leveg\u0151<br \/>\n\tCsillog a fagy odakinn &#8211;<br \/>\n\tA l\u00e1tv\u00e1ny felemel\u0151<br \/>\n\tSemmi nem mozdu<br \/>\n\tN\u00e9ma a t\u00e9l, a t\u00e1j<br \/>\n\tKihalt a v\u00e1ros sz\u00edve,<br \/>\n\tS a mag\u00e1ny az, mi f\u00e1j.<\/p>\n<p>\tS\u00ednek a v\u00e9gtelenbe,<br \/>\n\tL\u00e1ngok az \u00e9rtelembe,<br \/>\n\tV\u00e1laszok a k\u00e9rd\u00e9sekre<br \/>\n\tMind oly lassan t\u00f6rnek be,<br \/>\n\tMint boldogs\u00e1g az \u00e9let\u00fcnkbe.<\/p>\n<p>\t<i>(valamikor 1996 tel\u00e9n)<\/i><\/p>\n","protected":false},"excerpt":{"rendered":"<p>Mocskos vonatablakok, F\u00fcst\u00edz\u0171 leveg\u0151 Csillog a fagy odakinn &#8211; A l\u00e1tv\u00e1ny felemel\u0151 Semmi nem mozdu N\u00e9ma a t\u00e9l, a t\u00e1j Kihalt a v\u00e1ros sz\u00edve, S a mag\u00e1ny az, mi f\u00e1j. S\u00ednek a v\u00e9gtelenbe, L\u00e1ngok az \u00e9rtelembe, V\u00e1laszok a k\u00e9rd\u00e9sekre Mind &hellip; <a href=\"http:\/\/www.fehernet.hu\/?page_id=485\">Continue reading <span class=\"meta-nav\">&rarr;<\/span><\/a><\/p>\n","protected":false},"author":1,"featured_media":0,"parent":0,"menu_order":0,"comment_status":"open","ping_status":"open","template":"","meta":{"footnotes":""},"class_list":["post-485","page","type-page","status-publish","hentry"],"_links":{"self":[{"href":"http:\/\/www.fehernet.hu\/index.php?rest_route=\/wp\/v2\/pages\/485","targetHints":{"allow":["GET"]}}],"collection":[{"href":"http:\/\/www.fehernet.hu\/index.php?rest_route=\/wp\/v2\/pages"}],"about":[{"href":"http:\/\/www.fehernet.hu\/index.php?rest_route=\/wp\/v2\/types\/page"}],"author":[{"embeddable":true,"href":"http:\/\/www.fehernet.hu\/index.php?rest_route=\/wp\/v2\/users\/1"}],"replies":[{"embeddable":true,"href":"http:\/\/www.fehernet.hu\/index.php?rest_route=%2Fwp%2Fv2%2Fcomments&post=485"}],"version-history":[{"count":0,"href":"http:\/\/www.fehernet.hu\/index.php?rest_route=\/wp\/v2\/pages\/485\/revisions"}],"wp:attachment":[{"href":"http:\/\/www.fehernet.hu\/index.php?rest_route=%2Fwp%2Fv2%2Fmedia&parent=485"}],"curies":[{"name":"wp","href":"https:\/\/api.w.org\/{rel}","templated":true}]}}