{"id":336,"date":"2014-01-03T09:39:09","date_gmt":"2014-01-03T08:39:09","guid":{"rendered":"http:\/\/www.fehernet.hu\/?page_id=336"},"modified":"2014-01-03T09:59:22","modified_gmt":"2014-01-03T08:59:22","slug":"van-2013","status":"publish","type":"page","link":"http:\/\/www.fehernet.hu\/?page_id=336","title":{"rendered":"VAN 2013"},"content":{"rendered":"<p>Verseim egy orsz\u00e1gos p\u00e1ly\u00e1zat keret\u00e9n bel\u00fcl megjelentek a Versel\u0151 Antol\u00f3gia 2013 c. kiadv\u00e1nyban. Kiad\u00f3: Info-Szponzor Kft.<\/p>\n<p>Az antol\u00f3gi\u00e1k \u00f6sszefoglal\u00f3 oldala:\u00a0<a href=\"http:\/\/legyenkonyved.hu\/verselo-antologiak\">http:\/\/legyenkonyved.hu\/verselo-antologiak<\/a><\/p>\n<p>Megjelent verseim a k\u00f6tetben (PDF):\u00a0<a href=\"http:\/\/www.fehernet.hu\/wp-content\/uploads\/2014\/01\/VAN2013_Feh\u00e9r-Csaba.pdf\">VAN2013_Feh\u00e9r Csaba<\/a><\/p>\n<p><embed src=\"http:\/\/www.fehernet.hu\/wp-content\/uploads\/2014\/01\/VAN2013_Feh\u00e9r-Csaba.pdf\" width=\"600\" height=\"400\"><\/p>\n","protected":false},"excerpt":{"rendered":"<p>Verseim egy orsz\u00e1gos p\u00e1ly\u00e1zat keret\u00e9n bel\u00fcl megjelentek a Versel\u0151 Antol\u00f3gia 2013 c. kiadv\u00e1nyban. Kiad\u00f3: Info-Szponzor Kft. Az antol\u00f3gi\u00e1k \u00f6sszefoglal\u00f3 oldala:\u00a0http:\/\/legyenkonyved.hu\/verselo-antologiak Megjelent verseim a k\u00f6tetben (PDF):\u00a0VAN2013_Feh\u00e9r Csaba<\/p>\n","protected":false},"author":1,"featured_media":0,"parent":0,"menu_order":0,"comment_status":"open","ping_status":"open","template":"","meta":{"footnotes":""},"class_list":["post-336","page","type-page","status-publish","hentry"],"_links":{"self":[{"href":"http:\/\/www.fehernet.hu\/index.php?rest_route=\/wp\/v2\/pages\/336","targetHints":{"allow":["GET"]}}],"collection":[{"href":"http:\/\/www.fehernet.hu\/index.php?rest_route=\/wp\/v2\/pages"}],"about":[{"href":"http:\/\/www.fehernet.hu\/index.php?rest_route=\/wp\/v2\/types\/page"}],"author":[{"embeddable":true,"href":"http:\/\/www.fehernet.hu\/index.php?rest_route=\/wp\/v2\/users\/1"}],"replies":[{"embeddable":true,"href":"http:\/\/www.fehernet.hu\/index.php?rest_route=%2Fwp%2Fv2%2Fcomments&post=336"}],"version-history":[{"count":2,"href":"http:\/\/www.fehernet.hu\/index.php?rest_route=\/wp\/v2\/pages\/336\/revisions"}],"predecessor-version":[{"id":344,"href":"http:\/\/www.fehernet.hu\/index.php?rest_route=\/wp\/v2\/pages\/336\/revisions\/344"}],"wp:attachment":[{"href":"http:\/\/www.fehernet.hu\/index.php?rest_route=%2Fwp%2Fv2%2Fmedia&parent=336"}],"curies":[{"name":"wp","href":"https:\/\/api.w.org\/{rel}","templated":true}]}}